{"id":115,"date":"2020-11-25T13:17:44","date_gmt":"2020-11-25T13:17:44","guid":{"rendered":"https:\/\/almattia.com\/mujer-360\/?page_id=115"},"modified":"2020-11-25T13:28:50","modified_gmt":"2020-11-25T13:28:50","slug":"politica-de-privacidad","status":"publish","type":"page","link":"https:\/\/almattia.com\/mujer-360\/politica-de-privacidad\/","title":{"rendered":"Pol\u00edtica de privacidad"},"content":{"rendered":"\t\t<div data-elementor-type=\"wp-page\" data-elementor-id=\"115\" class=\"elementor elementor-115\" data-elementor-post-type=\"page\">\n\t\t\t\t\t\t<section class=\"elementor-section elementor-top-section elementor-element elementor-element-3ee151cd elementor-section-boxed elementor-section-height-default elementor-section-height-default\" data-id=\"3ee151cd\" data-element_type=\"section\" data-e-type=\"section\">\n\t\t\t\t\t\t<div class=\"elementor-container elementor-column-gap-default\">\n\t\t\t\t\t<div class=\"elementor-column elementor-col-100 elementor-top-column elementor-element elementor-element-b250063\" data-id=\"b250063\" data-element_type=\"column\" data-e-type=\"column\">\n\t\t\t<div class=\"elementor-widget-wrap elementor-element-populated\">\n\t\t\t\t\t\t<div class=\"elementor-element elementor-element-53e26671 elementor-widget elementor-widget-text-editor\" data-id=\"53e26671\" data-element_type=\"widget\" data-e-type=\"widget\" data-settings=\"{&quot;ekit_we_effect_on&quot;:&quot;none&quot;}\" data-widget_type=\"text-editor.default\">\n\t\t\t\t<div class=\"elementor-widget-container\">\n\t\t\t\t\t\t\t\t\t<h2>Identificaci\u00f3n del titular<\/h2><ul><li>Titular:\u00a0<strong>Pilar Coslado Santiba\u00f1ez\u00a0<\/strong>(en adelante, \u00ab<strong>Almattia<\/strong>\u00ab)<\/li><li>CIF:\u00a0<b>08850026V<\/b><\/li><li>Domicilio social:\u00a0<strong>Paseo Fluvial 15, 10\u00aa Planta, 06011, Badajoz<\/strong><\/li><li>Direcci\u00f3n de correo electr\u00f3nico:\u00a0<b>pcoslado@almatti.com<\/b><\/li><li>Tel\u00e9fono de contacto:\u00a0<strong>924 20 50 50\u00a0<\/strong><\/li><\/ul><h2>Informaci\u00f3n y consentimiento<\/h2><p>Mediante la aceptaci\u00f3n de la presente Pol\u00edtica de Privacidad, el usuario queda informado y presta su consentimiento libre, informado, espec\u00edfico e inequ\u00edvoco para que los datos personales que facilite a\u00a0<strong>Almattia<\/strong>\u00a0a trav\u00e9s de sus sitios web, por correo electr\u00f3nico o de forma presencial, sean tratados por\u00a0<strong>Almattia<\/strong>\u00a0con el fin de prestarles el servicio solicitado y atender sus demandas. Los datos proporcionados se conservar\u00e1n mientras no solicite el cese de la actividad.<\/p><h2>Obligatoriedad de facilitar los datos y finalidad<\/h2><p>Los datos solicitados por\u00a0<strong>Almattia<\/strong>\u00a0son con car\u00e1cter general, obligatorios (salvo que se especifique lo contrario) para cumplir con las finalidades establecidas. Por lo tanto, si no se facilitan los mismos o no se facilitan correctamente no podr\u00e1n atenderse las mismas.<\/p><p>Los \u00fanicos datos personales a los que<strong>\u00a0Almattia<\/strong>, tendr\u00e1 acceso a trav\u00e9s de sus sitios web ser\u00e1n aquellos que el usuario facilite voluntariamente, as\u00ed como aquellos otros recogidos a trav\u00e9s de las cookies instaladas<\/p><h2>Permanencia<\/h2><p>Los datos del usuario que facilita sus datos a trav\u00e9s de los formularios de contacto y empleo ser\u00e1n tratados durante el plazo necesario para dar respuesta a la solicitud y hasta que prescriban las acciones legales.\u00a0<strong>Almattia<\/strong>\u00a0no utilizar\u00e1 estos datos para el env\u00edo de comunicaciones comerciales.<\/p><h2>Datos tratados<\/h2><p><strong>Almattia<\/strong>\u00a0tratar\u00e1 datos de contacto para las comunicaciones. En caso de que el usuario facilite datos de terceros, manifiesta contar con el consentimiento de los mismos y se compromete a trasladarle la informaci\u00f3n contenida en la Pol\u00edtica de Privacidad, eximiendo a\u00a0<strong>Almattia<\/strong>\u00a0de cualquier responsabilidad en este sentido. No obstante,\u00a0<strong>Almattia<\/strong>\u00a0podr\u00e1 llevar a cabo las verificaciones peri\u00f3dicas para constatar este hecho, adoptando las medidas de diligencia debida que correspondan, conforme a la normativa de protecci\u00f3n de datos.<\/p><p>El tratamiento de los datos del usuario por parte de\u00a0<strong>Almattia<\/strong>\u00a0est\u00e1 basado en el consentimiento que se le solicita y que puede retirar en cualquier momento. No obstante, en caso de retirar su consentimiento, ello no afectar\u00e1 a la licitud de los tratamientos efectuados con anterioridad. Los consentimientos obtenidos para las finalidades mencionadas son independientes por lo que el usuario podr\u00e1 revocar solo uno de ellos no afectando a los dem\u00e1s.<\/p><h2>Destinatarios de los datos<\/h2><p>Los datos del usuario ser\u00e1n utilizados exclusivamente por\u00a0<strong>Almattia<\/strong>\u00a0y excepcionalmente por las Administraciones P\u00fablicas en los casos previstos por la Ley.<\/p><h2>Responsabilidad del usuario<\/h2><p>El usuario garantiza que es mayor de 18 a\u00f1os y que los datos que facilita a\u00a0<strong>Almattia<\/strong>\u00a0son verdaderos, exactos, completos y actualizados. A estos efectos, el usuario responde de la veracidad de todos los datos que comunique y mantendr\u00e1 convenientemente actualizada la informaci\u00f3n facilitada, de tal forma que responda a su situaci\u00f3n real. Garantiza que ha informado a los terceros de los que facilite sus datos, en caso de hacerlo, de los aspectos contenidos en este documento. Asimismo, garantiza que ha obtenido su autorizaci\u00f3n para facilitar sus datos a<strong>\u00a0Almattia\u00a0<\/strong>para los fines se\u00f1alados. Ser\u00e1 responsable de las informaciones falsas o inexactas que proporcione a trav\u00e9s de los sitios web y de los da\u00f1os y perjuicios, directos o indirectos, que ello cause a<strong>\u00a0Almattia<\/strong>\u00a0o a terceros.<\/p><h2>Ejercicio de derechos<\/h2><p>El consentimiento otorgado por el usuario podr\u00e1 ser revocado mediante notificaci\u00f3n dirigida a la siguiente direcci\u00f3n de correo electr\u00f3nico:\u00a0<strong>Almattia<\/strong>\u00a0o bien por correo ordinario dirigido a\u00a0<strong>Pilar Coslado Santiba\u00f1ez &#8211;\u00a0<\/strong>\u00a0<strong>Paseo Fluvial 15, 10\u00aa Planta, 06011, Badajoz<\/strong>, con la Referencia \u00abProtecci\u00f3n de Datos\u00bb, adjuntando fotocopia de su documento de identidad, en cualquier momento y de manera gratuita, para:<\/p><ul><li>Revocar los consentimientos otorgados<\/li><li>Obtener confirmaci\u00f3n acerca de si en\u00a0<strong>Almattia<\/strong>\u00a0se est\u00e1n tratando datos personales que conciernen al usuario o no<\/li><li>Acceder a sus datos personales<\/li><li>Rectificar los datos inexactos o incompletos<\/li><li>Solicitar la supresi\u00f3n de sus datos cuando, entre otros motivos, los datos ya no sean necesarios para los fines que fueron recogidos<\/li><li>Obtener de\u00a0<strong>Almattia<\/strong>\u00a0la limitaci\u00f3n del tratamiento de los datos cuando se cumpla alguna de las condiciones previstas en la normativa de protecci\u00f3n de datos<\/li><li>Solicitar la portabilidad de sus datos<\/li><li>Reclamar ante la Agencia Espa\u00f1ola de Protecci\u00f3n de Datos, a trav\u00e9s de la siguiente direcci\u00f3n\u00a0<strong>Paseo Fluvial 15, 10\u00aa Planta, 06011, Badajoz<\/strong>, cuando el interesado considere que\u00a0<strong>Almattia<\/strong>\u00a0ha vulnerado los derechos que le son reconocidos por la normativa aplicable en protecci\u00f3n de datos<\/li><\/ul><h2>Medidas de seguridad<\/h2><p><strong>Almattia<\/strong>\u00a0tratar\u00e1 los datos del usuario en todo momento de forma absolutamente confidencial y guardando el preceptivo deber de secreto respecto de los mismos, de conformidad con lo previsto en la normativa de aplicaci\u00f3n, adoptando al efecto las medidas de \u00edndole t\u00e9cnica y organizativas necesarias que garanticen la seguridad de sus datos y eviten su alteraci\u00f3n, p\u00e9rdida, tratamiento o acceso no autorizado, habida cuenta del estado de la tecnolog\u00eda, la naturaleza de los datos almacenados y los riesgos a que est\u00e1n expuestos.\u00a0<strong>Almattia<\/strong>\u00a0informa a nuestros clientes que todos los servidores que utilizamos se encuentran en centros de datos de la Uni\u00f3n Europea y cumplen con todos los requisitos expuestos en el reglamento.<\/p><hr \/><p>\u00daltima actualizaci\u00f3n: 20 de Febrero de 2020<br \/>Copyright \u00a9\u00a0<strong>Pilar Coslado Santiba\u00f1ez<\/strong>\u00a0Todos los derechos reservados<\/p>\t\t\t\t\t\t\t\t<\/div>\n\t\t\t\t<\/div>\n\t\t\t\t\t<\/div>\n\t\t<\/div>\n\t\t\t\t\t<\/div>\n\t\t<\/section>\n\t\t\t\t<\/div>\n\t\t","protected":false},"excerpt":{"rendered":"<p>Identificaci\u00f3n del titular Titular:\u00a0Pilar Coslado Santiba\u00f1ez\u00a0(en adelante, \u00abAlmattia\u00ab) CIF:\u00a008850026V Domicilio social:\u00a0Paseo Fluvial 15, 10\u00aa Planta, 06011, Badajoz Direcci\u00f3n de correo electr\u00f3nico:\u00a0pcoslado@almatti.com Tel\u00e9fono de contacto:\u00a0924 20 50 50\u00a0 Informaci\u00f3n y consentimiento Mediante la aceptaci\u00f3n de la presente Pol\u00edtica de Privacidad, el usuario queda informado y presta su consentimiento libre, informado, espec\u00edfico e inequ\u00edvoco para que los [&hellip;]<\/p>\n","protected":false},"author":1,"featured_media":0,"parent":0,"menu_order":0,"comment_status":"closed","ping_status":"closed","template":"elementor_header_footer","meta":{"footnotes":""},"class_list":["post-115","page","type-page","status-publish","hentry"],"_links":{"self":[{"href":"https:\/\/almattia.com\/mujer-360\/wp-json\/wp\/v2\/pages\/115","targetHints":{"allow":["GET"]}}],"collection":[{"href":"https:\/\/almattia.com\/mujer-360\/wp-json\/wp\/v2\/pages"}],"about":[{"href":"https:\/\/almattia.com\/mujer-360\/wp-json\/wp\/v2\/types\/page"}],"author":[{"embeddable":true,"href":"https:\/\/almattia.com\/mujer-360\/wp-json\/wp\/v2\/users\/1"}],"replies":[{"embeddable":true,"href":"https:\/\/almattia.com\/mujer-360\/wp-json\/wp\/v2\/comments?post=115"}],"version-history":[{"count":11,"href":"https:\/\/almattia.com\/mujer-360\/wp-json\/wp\/v2\/pages\/115\/revisions"}],"predecessor-version":[{"id":148,"href":"https:\/\/almattia.com\/mujer-360\/wp-json\/wp\/v2\/pages\/115\/revisions\/148"}],"wp:attachment":[{"href":"https:\/\/almattia.com\/mujer-360\/wp-json\/wp\/v2\/media?parent=115"}],"curies":[{"name":"wp","href":"https:\/\/api.w.org\/{rel}","templated":true}]}}